{"id":46,"date":"2016-10-21T13:10:28","date_gmt":"2016-10-21T11:10:28","guid":{"rendered":"http:\/\/pierreameye.com\/?page_id=46"},"modified":"2016-10-21T13:10:28","modified_gmt":"2016-10-21T11:10:28","slug":"poser","status":"publish","type":"page","link":"http:\/\/pierreameye.com\/index.php\/poser\/","title":{"rendered":"Poser"},"content":{"rendered":"<p>Pour un nouveau travail photographique, je cherche des mod\u00e8les f\u00e9minins \u00e2g\u00e9s de 18 \u00e0 26 ans.<br \/>\nN&#8217;h\u00e9sitez pas \u00e0 me contacter si ce type de projet vous tente. Mod\u00e8les d\u00e9butantes sans exp\u00e9rience bienvenues (18 ans minimum). <\/p>\n","protected":false},"excerpt":{"rendered":"<p>Pour un nouveau travail photographique, je cherche des mod\u00e8les f\u00e9minins \u00e2g\u00e9s de 18 \u00e0 26 ans. N&#8217;h\u00e9sitez pas \u00e0 me contacter si ce type de projet vous tente&#8230;.<\/p>\n","protected":false},"author":1,"featured_media":0,"parent":0,"menu_order":0,"comment_status":"closed","ping_status":"closed","template":"","meta":{"footnotes":""},"class_list":["post-46","page","type-page","status-publish","hentry"],"_links":{"self":[{"href":"http:\/\/pierreameye.com\/index.php\/wp-json\/wp\/v2\/pages\/46","targetHints":{"allow":["GET"]}}],"collection":[{"href":"http:\/\/pierreameye.com\/index.php\/wp-json\/wp\/v2\/pages"}],"about":[{"href":"http:\/\/pierreameye.com\/index.php\/wp-json\/wp\/v2\/types\/page"}],"author":[{"embeddable":true,"href":"http:\/\/pierreameye.com\/index.php\/wp-json\/wp\/v2\/users\/1"}],"replies":[{"embeddable":true,"href":"http:\/\/pierreameye.com\/index.php\/wp-json\/wp\/v2\/comments?post=46"}],"version-history":[{"count":1,"href":"http:\/\/pierreameye.com\/index.php\/wp-json\/wp\/v2\/pages\/46\/revisions"}],"predecessor-version":[{"id":47,"href":"http:\/\/pierreameye.com\/index.php\/wp-json\/wp\/v2\/pages\/46\/revisions\/47"}],"wp:attachment":[{"href":"http:\/\/pierreameye.com\/index.php\/wp-json\/wp\/v2\/media?parent=46"}],"curies":[{"name":"wp","href":"https:\/\/api.w.org\/{rel}","templated":true}]}}